{"id":7144,"date":"2023-05-30T11:28:44","date_gmt":"2023-05-30T09:28:44","guid":{"rendered":"https:\/\/safehaven.creators-bundle.cloud\/?page_id=7144"},"modified":"2023-05-30T15:30:44","modified_gmt":"2023-05-30T13:30:44","slug":"ueber-uns","status":"publish","type":"page","link":"https:\/\/www.safe-haven.org\/fr\/ueber-uns\/","title":{"rendered":"A propos de nous"},"content":{"rendered":"<h2>\n\t\tNotre histoire\n\t<\/h2>\n\t<p>Le fondateur et pr\u00e9sident de Safe Haven, John Sagoe, a eu la vision de Safe Haven une nuit de 1993, lorsqu'il a fait un r\u00eave dans lequel il se retrouvait sur un terrain de jeu au Ghana, entour\u00e9 de nombreux enfants heureux. La nuit suivante, il a refait le m\u00eame r\u00eave, ce qui l'a incit\u00e9 \u00e0 s'engager pour les enfants pauvres et d\u00e9favoris\u00e9s. Au d\u00e9but, John a commenc\u00e9 \u00e0 visiter et \u00e0 soutenir les foyers d'enfants en leur apportant de la nourriture et en les aidant financi\u00e8rement \u00e0 chaque voyage au Ghana.<\/p>\n<p>Au fil des ann\u00e9es, la vision s'est d\u00e9velopp\u00e9e et a m\u00fbri pour devenir une strat\u00e9gie visant \u00e0 changer la vie au Ghana, en particulier celle de ceux qui ne peuvent pas se d\u00e9fendre eux-m\u00eames, les enfants. Apr\u00e8s une longue planification et strat\u00e9gie, le Safe Haven Foster Home \u00e0 Adenta, Ghana, a ouvert ses portes et accueilli 15 enfants \u00e2g\u00e9s de 2 \u00e0 12 ans, choisis au hasard dans l'orphelinat public. Ces enfants \u00e9taient confront\u00e9s \u00e0 diff\u00e9rents d\u00e9fis sociaux, comme l'abus, la n\u00e9gligence et un mauvais \u00e9tat de sant\u00e9.<\/p>\n\t\t\t\t<img loading=\"lazy\" decoding=\"async\" src=\"https:\/\/www.safe-haven.org\/wp-content\/uploads\/2023\/05\/John-Sagoe_Full-1014x1920.png\" alt=\"John Sagoe Full\" itemprop=\"image\" height=\"1920\" width=\"1014\" title=\"John Sagoe Full\" onerror=\"this.style.display='none'\"  \/>\n<h4>\n\t\tJohn E. Sagoe\n\t<\/h4>\n<h5>\n\t\tFondateur\n\t<\/h5>\n\t\t\t<a href=\"#\" role=\"button\">\n\t\t\t\t\t\t\tEn savoir plus sur John\n\t\t\t\t\t<\/a>\n\t\t<h2>John Ekweonu Sagoe<\/h2>\n<p>John Sagoe est n\u00e9 en Afrique de l'Ouest de parents ghan\u00e9ens et nig\u00e9rians.<\/p>\n<p>C'est un visionnaire, il a un doctorat honorifique en th\u00e9ologie, d\u00e9cern\u00e9 par la Bethel Christian University Detroit\/Michigan (USA), il est le fondateur de Safe Haven, pasteur senior et fondateur de New International Church Switzerland, mari et p\u00e8re. Le c\u0153ur de John Ekweonu Sagoe bat pour ceux qui sont pauvres - spirituellement, physiquement, financi\u00e8rement ou spirituellement.<\/p>\n<p>Son parcours l'a men\u00e9 \u00e0 travers de nombreux m\u00e9tiers, exp\u00e9riences et pays, apprenant \u00e0 s'adapter facilement et \u00e0 gagner rapidement le c\u0153ur des gens par son attitude humble de service.<\/p>\n<p>John Sagoe est devenu citoyen suisse et vit avec sa famille en Suisse. Il est heureux en mariage avec Sandra Sagoe et a cinq filles : Grace, Joy, Blessing, Favor et Mercy.<\/p>\t\n<h2>\n\t\tNotre \u00e9quipe\n\t<\/h2>\n\t\t\t\t<img loading=\"lazy\" decoding=\"async\" src=\"https:\/\/www.safe-haven.org\/wp-content\/uploads\/2023\/05\/SandraSagoe.jpg\" alt=\"SandraSagoe\" itemprop=\"image\" height=\"1000\" width=\"1000\" title=\"SandraSagoe\" onerror=\"this.style.display='none'\"  \/>\n<h3>\n\t\tSandra Sagoe\n\t<\/h3>\n<h5>\n\t\tCoordinatrice internationale\n\t<\/h5>\n\t\t\t\t<img loading=\"lazy\" decoding=\"async\" src=\"https:\/\/www.safe-haven.org\/wp-content\/uploads\/2023\/05\/NoemiKocher.jpg\" alt=\"NoemiKocher\" itemprop=\"image\" height=\"1000\" width=\"1000\" title=\"NoemiBouilloire\" onerror=\"this.style.display='none'\"  \/>\n<h3>\n\t\tNoemi Kocher\n\t<\/h3>\n<h5>\n\t\tAdministration\n\t<\/h5>\n\t\t\t\t<img loading=\"lazy\" decoding=\"async\" src=\"https:\/\/www.safe-haven.org\/wp-content\/uploads\/2023\/05\/PriscillaKnechtli.jpg\" alt=\"PriscillaKnechtli\" itemprop=\"image\" height=\"1000\" width=\"1000\" title=\"PriscillaKnechtli\" onerror=\"this.style.display='none'\"  \/>\n<h3>\n\t\tPriscilla Knechtli\n\t<\/h3>\n<h5>\n\t\tRelations publiques\n\t<\/h5>\n\t\t\t\t<img loading=\"lazy\" decoding=\"async\" src=\"https:\/\/www.safe-haven.org\/wp-content\/uploads\/2023\/05\/DavidAwudi.jpg\" alt=\"DavidAwudi\" itemprop=\"image\" height=\"1000\" width=\"1000\" title=\"DavidAwudi\" onerror=\"this.style.display='none'\"  \/>\n<h3>\n\t\tDavid Awudi\n\t<\/h3>\n<h5>\n\t\tDirecteur de l'\u00e9cole NIC International School\n\t<\/h5>\n\t\t\t\t<img loading=\"lazy\" decoding=\"async\" src=\"https:\/\/www.safe-haven.org\/wp-content\/uploads\/2023\/05\/DavidVivianYawson.jpg\" alt=\"DavidVivianYawson\" itemprop=\"image\" height=\"1000\" width=\"1000\" title=\"DavidVivianYawson\" onerror=\"this.style.display='none'\"  \/>\n<h3>\n\t\tDavid &amp; Vivian Yawson\n\t<\/h3>\n<h5>\n\t\tCouple de dirigeants du foyer pour enfants\n\t<\/h5>\n\t\t\t\t<img loading=\"lazy\" decoding=\"async\" src=\"https:\/\/www.safe-haven.org\/wp-content\/uploads\/2023\/05\/JenniferMograbi.jpg\" alt=\"JenniferMograbi\" itemprop=\"image\" height=\"1000\" width=\"1000\" title=\"JenniferMograbi\" onerror=\"this.style.display='none'\"  \/>\n<h3>\n\t\tJennifer Mograbi\n\t<\/h3>\n<h5>\n\t\tCollecte de fonds\n\t<\/h5>\n<h2>\n\t\tTu veux faire partie de notre \u00e9quipe ?\n\t<\/h2>\n\t\t\t<a href=\"https:\/\/www.safe-haven.org\/fr\/kontakt\/\" target=\"_self\" role=\"button\" rel=\"noopener\">\n\t\t\t\t\t\t\tContacte-nous maintenant\n\t\t\t\t\t<\/a>","protected":false},"excerpt":{"rendered":"<p>Notre histoire Le fondateur et pr\u00e9sident de Safe Haven, John Sagoe, a eu la vision de Safe Haven une nuit de 1993, lorsqu'il a fait un r\u00eave dans lequel...<\/p>","protected":false},"author":1,"featured_media":0,"parent":0,"menu_order":0,"comment_status":"closed","ping_status":"closed","template":"","meta":{"_acf_changed":false,"footnotes":""},"class_list":["post-7144","page","type-page","status-publish","hentry"],"acf":[],"sermons_blog_filters_topics":"\t\t\t\t<div class=\"sm-filtering\">\n\t\t\t\t\t<div id=\"wpfc_sermon_sorting\" class=\"no-spacing\">\n\t\t\t\t\t\t\t\t\t\t\t\t\t\n\t\t\t\t\t<div class=\"sortTopics\" style=\"display: inline-block\">\n\t\t\t\t<form action=\"https:\/\/www.safe-haven.org\/fr\/wp-json\/wp\/v2\/pages\/7144\/\" method=\"get\">\n\t\t\t\t\t<select name=\"wpfc_sermon_topics\"\n\t\t\t\t\t\t\ttitle=\"Sujet\"\n\t\t\t\t\t\t\tid=\"wpfc_sermon_topics\"\n\t\t\t\t\t\t\tonchange=\"if(this.options[this.selectedIndex].value !== ''){return this.form.submit()}else{window.location = window.location.href.split('?')[0];}\"\n\t\t\t\t\t\t\tautocomplete=\"off\"\n\t\t\t\t\t\t>\n\t\t\t\t\t\t<option value=\"\">Sujet<\/option>\n\t\t\t\t\t\t\t\t\t\t\t<\/select>\n\t\t\t\t\t\t\t\t\t\t\t\t\t\t\t\t\t\t\t\t\t\t\t\t\t<noscript>\n\t\t\t\t\t\t<div><input type=\"submit\" value=\"Submit\"\/><\/div>\n\t\t\t\t\t<\/noscript>\n\t\t\t\t<\/form>\n\t\t\t<\/div>\n\t\t\t\t\t\t\t\t\t\t\t\t\t\t\t\t\t\t<\/div>\n\t\t\t\t<\/div>\n\t\t\t\t","sermons_blog_filters_series":"\t\t\t\t<div class=\"sm-filtering\">\n\t\t\t\t\t<div id=\"wpfc_sermon_sorting\" class=\"no-spacing\">\n\t\t\t\t\t\t\t\t\n\t\t\t\t\t<div class=\"sortSeries\" style=\"display: inline-block\">\n\t\t\t\t<form action=\"https:\/\/www.safe-haven.org\/fr\/wp-json\/wp\/v2\/pages\/7144\/\" method=\"get\">\n\t\t\t\t\t<select name=\"wpfc_sermon_series\"\n\t\t\t\t\t\t\ttitle=\"S\u00e9ries\"\n\t\t\t\t\t\t\tid=\"wpfc_sermon_series\"\n\t\t\t\t\t\t\tonchange=\"if(this.options[this.selectedIndex].value !== ''){return this.form.submit()}else{window.location = window.location.href.split('?')[0];}\"\n\t\t\t\t\t\t\tautocomplete=\"off\"\n\t\t\t\t\t\t>\n\t\t\t\t\t\t<option value=\"\">S\u00e9ries<\/option>\n\t\t\t\t\t\t<option value=\"love-your-neighbour\" >Love Your Neighbour<\/option>\t\t\t\t\t<\/select>\n\t\t\t\t\t\t\t\t\t\t\t\t\t\t\t\t\t\t\t\t\t\t\t\t\t<noscript>\n\t\t\t\t\t\t<div><input type=\"submit\" value=\"Submit\"\/><\/div>\n\t\t\t\t\t<\/noscript>\n\t\t\t\t<\/form>\n\t\t\t<\/div>\n\t\t\t\t\t\t\t\t\t\t\t\t\t\t\t\t\t\t\t\t\t\t\t<\/div>\n\t\t\t\t<\/div>\n\t\t\t\t","sermons_blog_filters_preachers":"\t\t\t\t<div class=\"sm-filtering\">\n\t\t\t\t\t<div id=\"wpfc_sermon_sorting\" class=\"no-spacing\">\n\t\t\t\n\t\t\t\t\t<div class=\"sortPreacher\" style=\"display: inline-block\">\n\t\t\t\t<form action=\"https:\/\/www.safe-haven.org\/fr\/wp-json\/wp\/v2\/pages\/7144\/\" method=\"get\">\n\t\t\t\t\t<select name=\"wpfc_preacher\"\n\t\t\t\t\t\t\ttitle=\"Redner\"\n\t\t\t\t\t\t\tid=\"wpfc_preacher\"\n\t\t\t\t\t\t\tonchange=\"if(this.options[this.selectedIndex].value !== ''){return this.form.submit()}else{window.location = window.location.href.split('?')[0];}\"\n\t\t\t\t\t\t\tautocomplete=\"off\"\n\t\t\t\t\t\t>\n\t\t\t\t\t\t<option value=\"\">Redner<\/option>\n\t\t\t\t\t\t<option value=\"max-muster\" >Max Muster<\/option>\t\t\t\t\t<\/select>\n\t\t\t\t\t\t\t\t\t\t\t\t\t\t\t\t\t\t\t\t\t\t\t\t\t<noscript>\n\t\t\t\t\t\t<div><input type=\"submit\" value=\"Submit\"\/><\/div>\n\t\t\t\t\t<\/noscript>\n\t\t\t\t<\/form>\n\t\t\t<\/div>\n\t\t\t\t\t\t\t\t\t\t\t\t\t\t\t\t\t\t\t\t\t\t\t\t\t\t\t\t<\/div>\n\t\t\t\t<\/div>\n\t\t\t\t","sermons_blog_filters_books":"\t\t\t\t<div class=\"sm-filtering\">\n\t\t\t\t\t<div id=\"wpfc_sermon_sorting\" class=\"no-spacing\">\n\t\t\t\t\t\t\t\t\t\t\t\t\t\t\t\t\t\t\n\t\t\t\t\t<div class=\"sortBooks\" style=\"display: inline-block\">\n\t\t\t\t<form action=\"https:\/\/www.safe-haven.org\/fr\/wp-json\/wp\/v2\/pages\/7144\/\" method=\"get\">\n\t\t\t\t\t<select name=\"wpfc_bible_book\"\n\t\t\t\t\t\t\ttitle=\"Livre\"\n\t\t\t\t\t\t\tid=\"wpfc_bible_book\"\n\t\t\t\t\t\t\tonchange=\"if(this.options[this.selectedIndex].value !== ''){return this.form.submit()}else{window.location = window.location.href.split('?')[0];}\"\n\t\t\t\t\t\t\tautocomplete=\"off\"\n\t\t\t\t\t\t>\n\t\t\t\t\t\t<option value=\"\">Livre<\/option>\n\t\t\t\t\t\t\t\t\t\t\t<\/select>\n\t\t\t\t\t\t\t\t\t\t\t\t\t\t\t\t\t\t\t\t\t\t\t\t\t<noscript>\n\t\t\t\t\t\t<div><input type=\"submit\" value=\"Submit\"\/><\/div>\n\t\t\t\t\t<\/noscript>\n\t\t\t\t<\/form>\n\t\t\t<\/div>\n\t\t\t\t\t\t\t\t\t\t\t\t\t<\/div>\n\t\t\t\t<\/div>\n\t\t\t\t","sermons_blog_filters_service_types":"\t\t\t\t<div class=\"sm-filtering\">\n\t\t\t\t\t<div id=\"wpfc_sermon_sorting\" class=\"no-spacing\">\n\t\t\t\t\t\t\t\t\t\t\t\t\t\t\t\t\t\t\t\t\t\t\t\n\t\t\t\t\t<div class=\"sortServiceTypes\" style=\"display: inline-block\">\n\t\t\t\t<form action=\"https:\/\/www.safe-haven.org\/fr\/wp-json\/wp\/v2\/pages\/7144\/\" method=\"get\">\n\t\t\t\t\t<select name=\"wpfc_service_type\"\n\t\t\t\t\t\t\ttitle=\"Dienstart\"\n\t\t\t\t\t\t\tid=\"wpfc_service_type\"\n\t\t\t\t\t\t\tonchange=\"if(this.options[this.selectedIndex].value !== ''){return this.form.submit()}else{window.location = window.location.href.split('?')[0];}\"\n\t\t\t\t\t\t\tautocomplete=\"off\"\n\t\t\t\t\t\t>\n\t\t\t\t\t\t<option value=\"\">Dienstart<\/option>\n\t\t\t\t\t\t<option value=\"gottesdienst\" >Gottesdienst<\/option>\t\t\t\t\t<\/select>\n\t\t\t\t\t\t\t\t\t\t\t\t\t\t\t\t\t\t\t\t\t\t\t\t\t<noscript>\n\t\t\t\t\t\t<div><input type=\"submit\" value=\"Submit\"\/><\/div>\n\t\t\t\t\t<\/noscript>\n\t\t\t\t<\/form>\n\t\t\t<\/div>\n\t\t\t\t\t\t\t\t<\/div>\n\t\t\t\t<\/div>\n\t\t\t\t","sermons_blog_filters_dates":"\t\t\t\t<div class=\"sm-filtering\">\n\t\t\t\t\t<div id=\"wpfc_sermon_sorting\" class=\"no-spacing\">\n\t\t\t\t\t\t\t\t\t\t\t\t\t\t\t\t\t\t\t\t\t\t\t\t\t\t\t\t\n\t\t\t\t\t<div class=\"sortDates\" style=\"display: inline-block\">\n\t\t\t\t<form action=\"https:\/\/www.safe-haven.org\/fr\/wp-json\/wp\/v2\/pages\/7144\/\" method=\"get\">\n\t\t\t\t\t<select name=\"wpfc_dates\"\n\t\t\t\t\t\t\ttitle=\"Date\"\n\t\t\t\t\t\t\tid=\"wpfc_dates\"\n\t\t\t\t\t\t\tonchange=\"if(this.options[this.selectedIndex].value !== ''){return this.form.submit()}else{window.location = window.location.href.split('?')[0];}\"\n\t\t\t\t\t\t\tautocomplete=\"off\"\n\t\t\t\t\t\t>\n\t\t\t\t\t\t<option value=\"\">Date<\/option>\n\t\t\t\t\t\t<option value=\"02-2020\" >Feb 2020<\/option><option value=\"01-2020\" >Jan 2020<\/option>\t\t\t\t\t<\/select>\n\t\t\t\t\t\t\t\t\t\t\t\t\t\t\t\t\t\t\t\t\t\t\t\t\t<noscript>\n\t\t\t\t\t\t<div><input type=\"submit\" value=\"Submit\"\/><\/div>\n\t\t\t\t\t<\/noscript>\n\t\t\t\t<\/form>\n\t\t\t<\/div>\n\t\t\t<\/div>\n\t\t\t\t<\/div>\n\t\t\t\t","sermons_blog_image_url":"","sermons_blog_video":"","sermons_blog_series":false,"sermons_blog_meta_sermon_description":"","sermons_blog_show_readmore":false,"sermons_blog_audio":false,"sermons_blog_preacher_image":"","sermons_blog_preacher":false,"sermons_blog_bible_passage":null,"sermons_blog_service_type":false,"_links":{"self":[{"href":"https:\/\/www.safe-haven.org\/fr\/wp-json\/wp\/v2\/pages\/7144","targetHints":{"allow":["GET"]}}],"collection":[{"href":"https:\/\/www.safe-haven.org\/fr\/wp-json\/wp\/v2\/pages"}],"about":[{"href":"https:\/\/www.safe-haven.org\/fr\/wp-json\/wp\/v2\/types\/page"}],"author":[{"embeddable":true,"href":"https:\/\/www.safe-haven.org\/fr\/wp-json\/wp\/v2\/users\/1"}],"replies":[{"embeddable":true,"href":"https:\/\/www.safe-haven.org\/fr\/wp-json\/wp\/v2\/comments?post=7144"}],"version-history":[{"count":0,"href":"https:\/\/www.safe-haven.org\/fr\/wp-json\/wp\/v2\/pages\/7144\/revisions"}],"wp:attachment":[{"href":"https:\/\/www.safe-haven.org\/fr\/wp-json\/wp\/v2\/media?parent=7144"}],"curies":[{"name":"wp","href":"https:\/\/api.w.org\/{rel}","templated":true}]}}