{"id":7146,"date":"2023-05-30T11:29:10","date_gmt":"2023-05-30T09:29:10","guid":{"rendered":"https:\/\/safehaven.creators-bundle.cloud\/?page_id=7146"},"modified":"2023-07-26T18:00:22","modified_gmt":"2023-07-26T16:00:22","slug":"projekte","status":"publish","type":"page","link":"https:\/\/www.safe-haven.org\/fr\/projekte\/","title":{"rendered":"Projets"},"content":{"rendered":"<h2>\n\t\tFoyer pour enfants Adenta\n\t<\/h2>\n\t<p>Apr\u00e8s une planification approfondie, le foyer pour enfants Safe Haven a \u00e9t\u00e9 inaugur\u00e9 en avril 2011 \u00e0 Adenta, une banlieue d'Accra ! Elle a offert un nouveau foyer \u00e0 15 enfants \u00e2g\u00e9s de 2 \u00e0 12 ans.<\/p>\n<p>Ces enfants venaient de milieux tr\u00e8s diff\u00e9rents et devaient donc faire face \u00e0 diff\u00e9rents d\u00e9fis. Presque tous \u00e9taient gravement n\u00e9glig\u00e9s, beaucoup avaient des probl\u00e8mes de sant\u00e9 et certains avaient subi des abus.<\/p>\n<p>Entre-temps, Safe Haven est devenue une organisation caritative d\u00e9ductible d'imp\u00f4ts et reconnue par l'Etat en Suisse et se consacre toujours au soutien et \u00e0 l'\u00e9ducation des enfants en situation de pauvret\u00e9.<\/p>\n<h3>\n\t\tAujourd'hui\n\t<\/h3>\n\t<p>La maison d'enfants est dirig\u00e9e par un couple de directeurs professionnels. Ils sont soutenus par une cuisini\u00e8re employ\u00e9e qui s'occupe de toute la nourriture. Les enfants participent aux t\u00e2ches m\u00e9nag\u00e8res et apprennent ainsi \u00e0 prendre aussi des responsabilit\u00e9s.<\/p>\n<p>Safe Haven est \u00e9galement reconnue par l'Etat au Ghana et travaille en collaboration avec les autorit\u00e9s. Par exemple, pour l'accueil de nouveaux enfants, ou la participation des collaborateurs \u00e0 des formations r\u00e9guli\u00e8res sur l'\u00e9ducation et l'hygi\u00e8ne.<\/p>\n<h3>\n\t\tNos enfants\n\t<\/h3>\n\t<p>Depuis l'ouverture, les choses ont bien chang\u00e9 : Les petits enfants sont devenus des adolescents et de jeunes adultes ! Certains sont \u00e0 la recherche d'une place d'apprentissage, d'autres passent \u00e0 l'\u00e9cole secondaire. L'\u00e9cole primaire NIC International School n'\u00e9tait qu'\u00e0 cinq minutes \u00e0 pied de la maison d'enfants et le changement d'\u00e9cole signifie pour les jeunes un trajet si long qu'ils doivent vivre sur place pendant la semaine.<\/p>\n<p>En plus de couvrir les frais courants du foyer pour enfants (salaires des employ\u00e9s, nourriture, v\u00eatements, frais scolaires et m\u00e9dicaux des enfants, etc.), nous nous occupons \u00e9galement des r\u00e9parations et de l'entretien de la maison et de l'inventaire.<\/p>\n<p>Comme notre grand souhait est de pouvoir offrir un foyer \u00e0 encore plus d'enfants des rues, nous souhaitons bien utiliser l'espace de notre terrain et construire un deuxi\u00e8me b\u00e2timent derri\u00e8re celui qui existe d\u00e9j\u00e0. Ce nouveau b\u00e2timent doit d'une part offrir de l'espace pour de nouveaux enfants et d'autre part, l'administration du foyer a besoin d'urgence d'espace pour un bureau professionnel.<\/p>\n<h2>\n\t\tNIC International School Adenta\n\t<\/h2>\n\t<p>L'\u00e9cole a ouvert ses portes en 2015 et a pour objectif d'offrir une \u00e9ducation de qualit\u00e9 aux habitants de la r\u00e9gion. Dans la premi\u00e8re phase de construction de l'\u00e9cole, nous avons am\u00e9nag\u00e9 les bureaux et les salles de classe pour l'\u00e9cole maternelle et primaire. Plus tard, les salles de classe pour l'\u00e9cole secondaire ont \u00e9t\u00e9 ajout\u00e9es.<\/p>\n<p>Comme l'exige le gouvernement du Ghana, nos \u00e9l\u00e8ves portent eux aussi des uniformes scolaires. L'\u00e9cole accorde une grande importance \u00e0 la comp\u00e9tence du personnel enseignant. Nous accueillons volontiers des volontaires de l'\u00e9tranger pour que tu puisses \u00e9changer tes connaissances avec notre personnel.<\/p>\n<p>L'\u00e9ducation est durable et aide les gens \u00e0 avoir un meilleur avenir.<\/p>\n<h3>\n\t\tMise \u00e0 jour \u00e9cole\n\t<\/h3>\n\t<p>La pand\u00e9mie de Corona a aussi fortement touch\u00e9 notre \u00e9cole. Nous avons \u00e9galement d\u00fb encourager nos \u00e9l\u00e8ves \u00e0 reprendre les cours apr\u00e8s la pand\u00e9mie. Pour cela, nous avons distribu\u00e9 des bourses et d'autres aides mat\u00e9rielles \u00e0 ceux qui en avaient le plus besoin.<\/p>\n<h3>\n\t\tPerspectives\n\t<\/h3>\n\t<p>Actuellement, nous en sommes \u00e0 la deuxi\u00e8me phase de notre projet de construction d'\u00e9cole. Le b\u00e2timent aura encore deux \u00e9tages suppl\u00e9mentaires. Les trois \u00e9tages finaux accueilleront diff\u00e9rents bureaux, d'autres salles de classe, un gymnase et une biblioth\u00e8que.<\/p>\n<h2>\n\t\tCentre de la Mis\u00e9ricorde\n\t<\/h2>\n\t<p>Dans notre projet de construction d'\u00e9cole, nous voulons h\u00e9berger un Mercy Center et un centre d'accueil et d'h\u00e9bergement pour les femmes ayant des grossesses non d\u00e9sir\u00e9es. Ce sous-projet est vraiment une affaire de c\u0153ur. Gr\u00e2ce au Mercy Center, nous apportons une aide pratique au quotidien sur place :<\/p>\n\t<p>Nous fournissons des produits alimentaires de base aux personnes dans le besoin, nous payons les m\u00e9dicaments, les visites et les s\u00e9jours \u00e0 l'h\u00f4pital, nous nous occupons des v\u00eatements et du logement des familles sans abri et nous aidons \u00e0 payer les frais de scolarit\u00e9 de leurs enfants. Nous aidons \u00e9galement les personnes \u00e0 cr\u00e9er leur entreprise en leur fournissant un capital de d\u00e9part.<\/p>","protected":false},"excerpt":{"rendered":"<p>Foyer pour enfants Adenta Apr\u00e8s une planification approfondie, le foyer pour enfants Safe Haven a pu \u00eatre inaugur\u00e9 en avril 2011 \u00e0 Adenta, une banlieue d'Accra ! Elle a accueilli 15 enfants \u00e2g\u00e9s de 2 \u00e0...<\/p>","protected":false},"author":1,"featured_media":0,"parent":0,"menu_order":0,"comment_status":"closed","ping_status":"closed","template":"","meta":{"_acf_changed":false,"footnotes":""},"class_list":["post-7146","page","type-page","status-publish","hentry"],"acf":[],"sermons_blog_filters_topics":"\t\t\t\t<div class=\"sm-filtering\">\n\t\t\t\t\t<div id=\"wpfc_sermon_sorting\" class=\"no-spacing\">\n\t\t\t\t\t\t\t\t\t\t\t\t\t\n\t\t\t\t\t<div class=\"sortTopics\" style=\"display: inline-block\">\n\t\t\t\t<form action=\"https:\/\/www.safe-haven.org\/fr\/wp-json\/wp\/v2\/pages\/7146\/\" method=\"get\">\n\t\t\t\t\t<select name=\"wpfc_sermon_topics\"\n\t\t\t\t\t\t\ttitle=\"Sujet\"\n\t\t\t\t\t\t\tid=\"wpfc_sermon_topics\"\n\t\t\t\t\t\t\tonchange=\"if(this.options[this.selectedIndex].value !== ''){return this.form.submit()}else{window.location = window.location.href.split('?')[0];}\"\n\t\t\t\t\t\t\tautocomplete=\"off\"\n\t\t\t\t\t\t>\n\t\t\t\t\t\t<option value=\"\">Sujet<\/option>\n\t\t\t\t\t\t\t\t\t\t\t<\/select>\n\t\t\t\t\t\t\t\t\t\t\t\t\t\t\t\t\t\t\t\t\t\t\t\t\t<noscript>\n\t\t\t\t\t\t<div><input type=\"submit\" value=\"Submit\"\/><\/div>\n\t\t\t\t\t<\/noscript>\n\t\t\t\t<\/form>\n\t\t\t<\/div>\n\t\t\t\t\t\t\t\t\t\t\t\t\t\t\t\t\t\t<\/div>\n\t\t\t\t<\/div>\n\t\t\t\t","sermons_blog_filters_series":"\t\t\t\t<div class=\"sm-filtering\">\n\t\t\t\t\t<div id=\"wpfc_sermon_sorting\" class=\"no-spacing\">\n\t\t\t\t\t\t\t\t\n\t\t\t\t\t<div class=\"sortSeries\" style=\"display: inline-block\">\n\t\t\t\t<form action=\"https:\/\/www.safe-haven.org\/fr\/wp-json\/wp\/v2\/pages\/7146\/\" method=\"get\">\n\t\t\t\t\t<select name=\"wpfc_sermon_series\"\n\t\t\t\t\t\t\ttitle=\"S\u00e9ries\"\n\t\t\t\t\t\t\tid=\"wpfc_sermon_series\"\n\t\t\t\t\t\t\tonchange=\"if(this.options[this.selectedIndex].value !== ''){return this.form.submit()}else{window.location = window.location.href.split('?')[0];}\"\n\t\t\t\t\t\t\tautocomplete=\"off\"\n\t\t\t\t\t\t>\n\t\t\t\t\t\t<option value=\"\">S\u00e9ries<\/option>\n\t\t\t\t\t\t<option value=\"love-your-neighbour\" >Love Your Neighbour<\/option>\t\t\t\t\t<\/select>\n\t\t\t\t\t\t\t\t\t\t\t\t\t\t\t\t\t\t\t\t\t\t\t\t\t<noscript>\n\t\t\t\t\t\t<div><input type=\"submit\" value=\"Submit\"\/><\/div>\n\t\t\t\t\t<\/noscript>\n\t\t\t\t<\/form>\n\t\t\t<\/div>\n\t\t\t\t\t\t\t\t\t\t\t\t\t\t\t\t\t\t\t\t\t\t\t<\/div>\n\t\t\t\t<\/div>\n\t\t\t\t","sermons_blog_filters_preachers":"\t\t\t\t<div class=\"sm-filtering\">\n\t\t\t\t\t<div id=\"wpfc_sermon_sorting\" class=\"no-spacing\">\n\t\t\t\n\t\t\t\t\t<div class=\"sortPreacher\" style=\"display: inline-block\">\n\t\t\t\t<form action=\"https:\/\/www.safe-haven.org\/fr\/wp-json\/wp\/v2\/pages\/7146\/\" method=\"get\">\n\t\t\t\t\t<select name=\"wpfc_preacher\"\n\t\t\t\t\t\t\ttitle=\"Redner\"\n\t\t\t\t\t\t\tid=\"wpfc_preacher\"\n\t\t\t\t\t\t\tonchange=\"if(this.options[this.selectedIndex].value !== ''){return this.form.submit()}else{window.location = window.location.href.split('?')[0];}\"\n\t\t\t\t\t\t\tautocomplete=\"off\"\n\t\t\t\t\t\t>\n\t\t\t\t\t\t<option value=\"\">Redner<\/option>\n\t\t\t\t\t\t<option value=\"max-muster\" >Max Muster<\/option>\t\t\t\t\t<\/select>\n\t\t\t\t\t\t\t\t\t\t\t\t\t\t\t\t\t\t\t\t\t\t\t\t\t<noscript>\n\t\t\t\t\t\t<div><input type=\"submit\" value=\"Submit\"\/><\/div>\n\t\t\t\t\t<\/noscript>\n\t\t\t\t<\/form>\n\t\t\t<\/div>\n\t\t\t\t\t\t\t\t\t\t\t\t\t\t\t\t\t\t\t\t\t\t\t\t\t\t\t\t<\/div>\n\t\t\t\t<\/div>\n\t\t\t\t","sermons_blog_filters_books":"\t\t\t\t<div class=\"sm-filtering\">\n\t\t\t\t\t<div id=\"wpfc_sermon_sorting\" class=\"no-spacing\">\n\t\t\t\t\t\t\t\t\t\t\t\t\t\t\t\t\t\t\n\t\t\t\t\t<div class=\"sortBooks\" style=\"display: inline-block\">\n\t\t\t\t<form action=\"https:\/\/www.safe-haven.org\/fr\/wp-json\/wp\/v2\/pages\/7146\/\" method=\"get\">\n\t\t\t\t\t<select name=\"wpfc_bible_book\"\n\t\t\t\t\t\t\ttitle=\"Livre\"\n\t\t\t\t\t\t\tid=\"wpfc_bible_book\"\n\t\t\t\t\t\t\tonchange=\"if(this.options[this.selectedIndex].value !== ''){return this.form.submit()}else{window.location = window.location.href.split('?')[0];}\"\n\t\t\t\t\t\t\tautocomplete=\"off\"\n\t\t\t\t\t\t>\n\t\t\t\t\t\t<option value=\"\">Livre<\/option>\n\t\t\t\t\t\t\t\t\t\t\t<\/select>\n\t\t\t\t\t\t\t\t\t\t\t\t\t\t\t\t\t\t\t\t\t\t\t\t\t<noscript>\n\t\t\t\t\t\t<div><input type=\"submit\" value=\"Submit\"\/><\/div>\n\t\t\t\t\t<\/noscript>\n\t\t\t\t<\/form>\n\t\t\t<\/div>\n\t\t\t\t\t\t\t\t\t\t\t\t\t<\/div>\n\t\t\t\t<\/div>\n\t\t\t\t","sermons_blog_filters_service_types":"\t\t\t\t<div class=\"sm-filtering\">\n\t\t\t\t\t<div id=\"wpfc_sermon_sorting\" class=\"no-spacing\">\n\t\t\t\t\t\t\t\t\t\t\t\t\t\t\t\t\t\t\t\t\t\t\t\n\t\t\t\t\t<div class=\"sortServiceTypes\" style=\"display: inline-block\">\n\t\t\t\t<form action=\"https:\/\/www.safe-haven.org\/fr\/wp-json\/wp\/v2\/pages\/7146\/\" method=\"get\">\n\t\t\t\t\t<select name=\"wpfc_service_type\"\n\t\t\t\t\t\t\ttitle=\"Dienstart\"\n\t\t\t\t\t\t\tid=\"wpfc_service_type\"\n\t\t\t\t\t\t\tonchange=\"if(this.options[this.selectedIndex].value !== ''){return this.form.submit()}else{window.location = window.location.href.split('?')[0];}\"\n\t\t\t\t\t\t\tautocomplete=\"off\"\n\t\t\t\t\t\t>\n\t\t\t\t\t\t<option value=\"\">Dienstart<\/option>\n\t\t\t\t\t\t<option value=\"gottesdienst\" >Gottesdienst<\/option>\t\t\t\t\t<\/select>\n\t\t\t\t\t\t\t\t\t\t\t\t\t\t\t\t\t\t\t\t\t\t\t\t\t<noscript>\n\t\t\t\t\t\t<div><input type=\"submit\" value=\"Submit\"\/><\/div>\n\t\t\t\t\t<\/noscript>\n\t\t\t\t<\/form>\n\t\t\t<\/div>\n\t\t\t\t\t\t\t\t<\/div>\n\t\t\t\t<\/div>\n\t\t\t\t","sermons_blog_filters_dates":"\t\t\t\t<div class=\"sm-filtering\">\n\t\t\t\t\t<div id=\"wpfc_sermon_sorting\" class=\"no-spacing\">\n\t\t\t\t\t\t\t\t\t\t\t\t\t\t\t\t\t\t\t\t\t\t\t\t\t\t\t\t\n\t\t\t\t\t<div class=\"sortDates\" style=\"display: inline-block\">\n\t\t\t\t<form action=\"https:\/\/www.safe-haven.org\/fr\/wp-json\/wp\/v2\/pages\/7146\/\" method=\"get\">\n\t\t\t\t\t<select name=\"wpfc_dates\"\n\t\t\t\t\t\t\ttitle=\"Date\"\n\t\t\t\t\t\t\tid=\"wpfc_dates\"\n\t\t\t\t\t\t\tonchange=\"if(this.options[this.selectedIndex].value !== ''){return this.form.submit()}else{window.location = window.location.href.split('?')[0];}\"\n\t\t\t\t\t\t\tautocomplete=\"off\"\n\t\t\t\t\t\t>\n\t\t\t\t\t\t<option value=\"\">Date<\/option>\n\t\t\t\t\t\t<option value=\"02-2020\" >Feb 2020<\/option><option value=\"01-2020\" >Jan 2020<\/option>\t\t\t\t\t<\/select>\n\t\t\t\t\t\t\t\t\t\t\t\t\t\t\t\t\t\t\t\t\t\t\t\t\t<noscript>\n\t\t\t\t\t\t<div><input type=\"submit\" value=\"Submit\"\/><\/div>\n\t\t\t\t\t<\/noscript>\n\t\t\t\t<\/form>\n\t\t\t<\/div>\n\t\t\t<\/div>\n\t\t\t\t<\/div>\n\t\t\t\t","sermons_blog_image_url":"","sermons_blog_video":"","sermons_blog_series":false,"sermons_blog_meta_sermon_description":"","sermons_blog_show_readmore":false,"sermons_blog_audio":false,"sermons_blog_preacher_image":"","sermons_blog_preacher":false,"sermons_blog_bible_passage":null,"sermons_blog_service_type":false,"_links":{"self":[{"href":"https:\/\/www.safe-haven.org\/fr\/wp-json\/wp\/v2\/pages\/7146","targetHints":{"allow":["GET"]}}],"collection":[{"href":"https:\/\/www.safe-haven.org\/fr\/wp-json\/wp\/v2\/pages"}],"about":[{"href":"https:\/\/www.safe-haven.org\/fr\/wp-json\/wp\/v2\/types\/page"}],"author":[{"embeddable":true,"href":"https:\/\/www.safe-haven.org\/fr\/wp-json\/wp\/v2\/users\/1"}],"replies":[{"embeddable":true,"href":"https:\/\/www.safe-haven.org\/fr\/wp-json\/wp\/v2\/comments?post=7146"}],"version-history":[{"count":1,"href":"https:\/\/www.safe-haven.org\/fr\/wp-json\/wp\/v2\/pages\/7146\/revisions"}],"predecessor-version":[{"id":7234,"href":"https:\/\/www.safe-haven.org\/fr\/wp-json\/wp\/v2\/pages\/7146\/revisions\/7234"}],"wp:attachment":[{"href":"https:\/\/www.safe-haven.org\/fr\/wp-json\/wp\/v2\/media?parent=7146"}],"curies":[{"name":"wp","href":"https:\/\/api.w.org\/{rel}","templated":true}]}}