{"id":7144,"date":"2023-05-30T11:28:44","date_gmt":"2023-05-30T09:28:44","guid":{"rendered":"https:\/\/safehaven.creators-bundle.cloud\/?page_id=7144"},"modified":"2023-05-30T15:30:44","modified_gmt":"2023-05-30T13:30:44","slug":"ueber-uns","status":"publish","type":"page","link":"https:\/\/www.safe-haven.org\/pt\/ueber-uns\/","title":{"rendered":"Sobre n\u00f3s"},"content":{"rendered":"<h2>\n\t\tA nossa hist\u00f3ria\n\t<\/h2>\n\t<p>O fundador e presidente da Safe Haven, John Sagoe, teve a vis\u00e3o da Safe Haven numa noite em 1993, quando teve um sonho em que se encontrava num parque infantil no Gana, rodeado de muitas crian\u00e7as felizes. Na noite seguinte, voltou a ter o mesmo sonho, o que o levou a envolver-se com crian\u00e7as pobres e desfavorecidas. Inicialmente, John come\u00e7ou a visitar e a apoiar lares de crian\u00e7as, levando-lhes comida e apoiando-as financeiramente sempre que viajava para o Gana.<\/p>\n<p>Ao longo dos anos, a vis\u00e3o evoluiu e amadureceu numa estrat\u00e9gia para mudar vidas no Gana, especialmente as vidas daqueles que n\u00e3o podem cuidar de si pr\u00f3prios, as crian\u00e7as. Depois de muito planeamento e estrat\u00e9gia, o Lar de Acolhimento Safe Haven em Adenta, no Gana, abriu as suas portas e acolheu 15 crian\u00e7as com idades entre os 2 e os 12 anos, seleccionadas aleatoriamente do orfanato do governo. Estas crian\u00e7as enfrentavam v\u00e1rios problemas sociais, como maus-tratos, neglig\u00eancia e problemas de sa\u00fade.<\/p>\n\t\t\t\t<img loading=\"lazy\" decoding=\"async\" src=\"https:\/\/www.safe-haven.org\/wp-content\/uploads\/2023\/05\/John-Sagoe_Full-1014x1920.png\" alt=\"John Sagoe Full\" itemprop=\"image\" height=\"1920\" width=\"1014\" title=\"John Sagoe Completo\" onerror=\"this.style.display='none'\"  \/>\n<h4>\n\t\tJohn E. Sagoe\n\t<\/h4>\n<h5>\n\t\tFundador\n\t<\/h5>\n\t\t\t<a href=\"#\" role=\"button\">\n\t\t\t\t\t\t\tMais sobre o John\n\t\t\t\t\t<\/a>\n\t\t<h2>John Ekweonu Sagoe<\/h2>\n<p>John Sagoe nasceu na \u00c1frica Ocidental, filho de pais ganeses e nigerianos.<\/p>\n<p>\u00c9 um vision\u00e1rio, tem um doutoramento honor\u00e1rio em teologia pela Bethel Christian University Detroit\/Michigan (EUA), \u00e9 o fundador da Safe Haven, pastor s\u00e9nior e fundador da New International Church Su\u00ed\u00e7a, marido e pai. O cora\u00e7\u00e3o de John Ekweonu Sagoe bate por aqueles que s\u00e3o pobres - espiritualmente, fisicamente, financeiramente ou mentalmente.<\/p>\n<p>O seu percurso levou-o a passar por muitas profiss\u00f5es, experi\u00eancias e pa\u00edses, aprendendo a adaptar-se facilmente e conquistando rapidamente o cora\u00e7\u00e3o das pessoas atrav\u00e9s da sua humilde atitude de servi\u00e7o.<\/p>\n<p>John Sagoe tornou-se um cidad\u00e3o su\u00ed\u00e7o e vive com a sua fam\u00edlia na Su\u00ed\u00e7a. \u00c9 casado e feliz com Sandra Sagoe e tem cinco filhas: Grace, Joy, Blessing, Favor e Mercy.<\/p>\t\n<h2>\n\t\tA nossa equipa\n\t<\/h2>\n\t\t\t\t<img loading=\"lazy\" decoding=\"async\" src=\"https:\/\/www.safe-haven.org\/wp-content\/uploads\/2023\/05\/SandraSagoe.jpg\" alt=\"SandraSagoe\" itemprop=\"image\" height=\"1000\" width=\"1000\" title=\"SandraSagoe\" onerror=\"this.style.display='none'\"  \/>\n<h3>\n\t\tSandra Sagoe\n\t<\/h3>\n<h5>\n\t\tCoordenador Internacional\n\t<\/h5>\n\t\t\t\t<img loading=\"lazy\" decoding=\"async\" src=\"https:\/\/www.safe-haven.org\/wp-content\/uploads\/2023\/05\/NoemiKocher.jpg\" alt=\"NoemiKocher\" itemprop=\"image\" height=\"1000\" width=\"1000\" title=\"NoemiKocher\" onerror=\"this.style.display='none'\"  \/>\n<h3>\n\t\tNoemi Kocher\n\t<\/h3>\n<h5>\n\t\tAdministra\u00e7\u00e3o\n\t<\/h5>\n\t\t\t\t<img loading=\"lazy\" decoding=\"async\" src=\"https:\/\/www.safe-haven.org\/wp-content\/uploads\/2023\/05\/PriscillaKnechtli.jpg\" alt=\"PriscillaKnechtli\" itemprop=\"image\" height=\"1000\" width=\"1000\" title=\"PriscillaKnechtli\" onerror=\"this.style.display='none'\"  \/>\n<h3>\n\t\tPriscilla Knechtli\n\t<\/h3>\n<h5>\n\t\tRela\u00e7\u00f5es p\u00fablicas\n\t<\/h5>\n\t\t\t\t<img loading=\"lazy\" decoding=\"async\" src=\"https:\/\/www.safe-haven.org\/wp-content\/uploads\/2023\/05\/DavidAwudi.jpg\" alt=\"DavidAwudi\" itemprop=\"image\" height=\"1000\" width=\"1000\" title=\"DavidAwudi\" onerror=\"this.style.display='none'\"  \/>\n<h3>\n\t\tDavid Awudi\n\t<\/h3>\n<h5>\n\t\tDirector da NIC International School\n\t<\/h5>\n\t\t\t\t<img loading=\"lazy\" decoding=\"async\" src=\"https:\/\/www.safe-haven.org\/wp-content\/uploads\/2023\/05\/DavidVivianYawson.jpg\" alt=\"DavidVivianYawson\" itemprop=\"image\" height=\"1000\" width=\"1000\" title=\"DavidVivianYawson\" onerror=\"this.style.display='none'\"  \/>\n<h3>\n\t\tDavid e Vivian Yawson\n\t<\/h3>\n<h5>\n\t\tCasa de acolhimento de crian\u00e7as\n\t<\/h5>\n\t\t\t\t<img loading=\"lazy\" decoding=\"async\" src=\"https:\/\/www.safe-haven.org\/wp-content\/uploads\/2023\/05\/JenniferMograbi.jpg\" alt=\"JenniferMograbi\" itemprop=\"image\" height=\"1000\" width=\"1000\" title=\"JenniferMograbi\" onerror=\"this.style.display='none'\"  \/>\n<h3>\n\t\tJennifer Mograbi\n\t<\/h3>\n<h5>\n\t\tAngaria\u00e7\u00e3o de fundos\n\t<\/h5>\n<h2>\n\t\tGostarias de fazer parte da nossa equipa?\n\t<\/h2>\n\t\t\t<a href=\"https:\/\/www.safe-haven.org\/pt\/kontakt\/\" target=\"_self\" role=\"button\" rel=\"noopener\">\n\t\t\t\t\t\t\tContactar agora\n\t\t\t\t\t<\/a>","protected":false},"excerpt":{"rendered":"<p>A nossa hist\u00f3ria O fundador e presidente da Safe Haven, John Sagoe, teve a vis\u00e3o da Safe Haven numa noite em 1993, quando teve um sonho em que...<\/p>","protected":false},"author":1,"featured_media":0,"parent":0,"menu_order":0,"comment_status":"closed","ping_status":"closed","template":"","meta":{"_acf_changed":false,"footnotes":""},"class_list":["post-7144","page","type-page","status-publish","hentry"],"acf":[],"sermons_blog_filters_topics":"\t\t\t\t<div class=\"sm-filtering\">\n\t\t\t\t\t<div id=\"wpfc_sermon_sorting\" class=\"no-spacing\">\n\t\t\t\t\t\t\t\t\t\t\t\t\t\n\t\t\t\t\t<div class=\"sortTopics\" style=\"display: inline-block\">\n\t\t\t\t<form action=\"https:\/\/www.safe-haven.org\/pt\/wp-json\/wp\/v2\/pages\/7144\/\" method=\"get\">\n\t\t\t\t\t<select name=\"wpfc_sermon_topics\"\n\t\t\t\t\t\t\ttitle=\"Topic\"\n\t\t\t\t\t\t\tid=\"wpfc_sermon_topics\"\n\t\t\t\t\t\t\tonchange=\"if(this.options[this.selectedIndex].value !== ''){return this.form.submit()}else{window.location = window.location.href.split('?')[0];}\"\n\t\t\t\t\t\t\tautocomplete=\"off\"\n\t\t\t\t\t\t>\n\t\t\t\t\t\t<option value=\"\">Topic<\/option>\n\t\t\t\t\t\t\t\t\t\t\t<\/select>\n\t\t\t\t\t\t\t\t\t\t\t\t\t\t\t\t\t\t\t\t\t\t\t\t\t<noscript>\n\t\t\t\t\t\t<div><input type=\"submit\" value=\"Submit\"\/><\/div>\n\t\t\t\t\t<\/noscript>\n\t\t\t\t<\/form>\n\t\t\t<\/div>\n\t\t\t\t\t\t\t\t\t\t\t\t\t\t\t\t\t\t<\/div>\n\t\t\t\t<\/div>\n\t\t\t\t","sermons_blog_filters_series":"\t\t\t\t<div class=\"sm-filtering\">\n\t\t\t\t\t<div id=\"wpfc_sermon_sorting\" class=\"no-spacing\">\n\t\t\t\t\t\t\t\t\n\t\t\t\t\t<div class=\"sortSeries\" style=\"display: inline-block\">\n\t\t\t\t<form action=\"https:\/\/www.safe-haven.org\/pt\/wp-json\/wp\/v2\/pages\/7144\/\" method=\"get\">\n\t\t\t\t\t<select name=\"wpfc_sermon_series\"\n\t\t\t\t\t\t\ttitle=\"Series\"\n\t\t\t\t\t\t\tid=\"wpfc_sermon_series\"\n\t\t\t\t\t\t\tonchange=\"if(this.options[this.selectedIndex].value !== ''){return this.form.submit()}else{window.location = window.location.href.split('?')[0];}\"\n\t\t\t\t\t\t\tautocomplete=\"off\"\n\t\t\t\t\t\t>\n\t\t\t\t\t\t<option value=\"\">Series<\/option>\n\t\t\t\t\t\t<option value=\"love-your-neighbour\" >Love Your Neighbour<\/option>\t\t\t\t\t<\/select>\n\t\t\t\t\t\t\t\t\t\t\t\t\t\t\t\t\t\t\t\t\t\t\t\t\t<noscript>\n\t\t\t\t\t\t<div><input type=\"submit\" value=\"Submit\"\/><\/div>\n\t\t\t\t\t<\/noscript>\n\t\t\t\t<\/form>\n\t\t\t<\/div>\n\t\t\t\t\t\t\t\t\t\t\t\t\t\t\t\t\t\t\t\t\t\t\t<\/div>\n\t\t\t\t<\/div>\n\t\t\t\t","sermons_blog_filters_preachers":"\t\t\t\t<div class=\"sm-filtering\">\n\t\t\t\t\t<div id=\"wpfc_sermon_sorting\" class=\"no-spacing\">\n\t\t\t\n\t\t\t\t\t<div class=\"sortPreacher\" style=\"display: inline-block\">\n\t\t\t\t<form action=\"https:\/\/www.safe-haven.org\/pt\/wp-json\/wp\/v2\/pages\/7144\/\" method=\"get\">\n\t\t\t\t\t<select name=\"wpfc_preacher\"\n\t\t\t\t\t\t\ttitle=\"Redner\"\n\t\t\t\t\t\t\tid=\"wpfc_preacher\"\n\t\t\t\t\t\t\tonchange=\"if(this.options[this.selectedIndex].value !== ''){return this.form.submit()}else{window.location = window.location.href.split('?')[0];}\"\n\t\t\t\t\t\t\tautocomplete=\"off\"\n\t\t\t\t\t\t>\n\t\t\t\t\t\t<option value=\"\">Redner<\/option>\n\t\t\t\t\t\t<option value=\"max-muster\" >Max Muster<\/option>\t\t\t\t\t<\/select>\n\t\t\t\t\t\t\t\t\t\t\t\t\t\t\t\t\t\t\t\t\t\t\t\t\t<noscript>\n\t\t\t\t\t\t<div><input type=\"submit\" value=\"Submit\"\/><\/div>\n\t\t\t\t\t<\/noscript>\n\t\t\t\t<\/form>\n\t\t\t<\/div>\n\t\t\t\t\t\t\t\t\t\t\t\t\t\t\t\t\t\t\t\t\t\t\t\t\t\t\t\t<\/div>\n\t\t\t\t<\/div>\n\t\t\t\t","sermons_blog_filters_books":"\t\t\t\t<div class=\"sm-filtering\">\n\t\t\t\t\t<div id=\"wpfc_sermon_sorting\" class=\"no-spacing\">\n\t\t\t\t\t\t\t\t\t\t\t\t\t\t\t\t\t\t\n\t\t\t\t\t<div class=\"sortBooks\" style=\"display: inline-block\">\n\t\t\t\t<form action=\"https:\/\/www.safe-haven.org\/pt\/wp-json\/wp\/v2\/pages\/7144\/\" method=\"get\">\n\t\t\t\t\t<select name=\"wpfc_bible_book\"\n\t\t\t\t\t\t\ttitle=\"Book\"\n\t\t\t\t\t\t\tid=\"wpfc_bible_book\"\n\t\t\t\t\t\t\tonchange=\"if(this.options[this.selectedIndex].value !== ''){return this.form.submit()}else{window.location = window.location.href.split('?')[0];}\"\n\t\t\t\t\t\t\tautocomplete=\"off\"\n\t\t\t\t\t\t>\n\t\t\t\t\t\t<option value=\"\">Book<\/option>\n\t\t\t\t\t\t\t\t\t\t\t<\/select>\n\t\t\t\t\t\t\t\t\t\t\t\t\t\t\t\t\t\t\t\t\t\t\t\t\t<noscript>\n\t\t\t\t\t\t<div><input type=\"submit\" value=\"Submit\"\/><\/div>\n\t\t\t\t\t<\/noscript>\n\t\t\t\t<\/form>\n\t\t\t<\/div>\n\t\t\t\t\t\t\t\t\t\t\t\t\t<\/div>\n\t\t\t\t<\/div>\n\t\t\t\t","sermons_blog_filters_service_types":"\t\t\t\t<div class=\"sm-filtering\">\n\t\t\t\t\t<div id=\"wpfc_sermon_sorting\" class=\"no-spacing\">\n\t\t\t\t\t\t\t\t\t\t\t\t\t\t\t\t\t\t\t\t\t\t\t\n\t\t\t\t\t<div class=\"sortServiceTypes\" style=\"display: inline-block\">\n\t\t\t\t<form action=\"https:\/\/www.safe-haven.org\/pt\/wp-json\/wp\/v2\/pages\/7144\/\" method=\"get\">\n\t\t\t\t\t<select name=\"wpfc_service_type\"\n\t\t\t\t\t\t\ttitle=\"Dienstart\"\n\t\t\t\t\t\t\tid=\"wpfc_service_type\"\n\t\t\t\t\t\t\tonchange=\"if(this.options[this.selectedIndex].value !== ''){return this.form.submit()}else{window.location = window.location.href.split('?')[0];}\"\n\t\t\t\t\t\t\tautocomplete=\"off\"\n\t\t\t\t\t\t>\n\t\t\t\t\t\t<option value=\"\">Dienstart<\/option>\n\t\t\t\t\t\t<option value=\"gottesdienst\" >Gottesdienst<\/option>\t\t\t\t\t<\/select>\n\t\t\t\t\t\t\t\t\t\t\t\t\t\t\t\t\t\t\t\t\t\t\t\t\t<noscript>\n\t\t\t\t\t\t<div><input type=\"submit\" value=\"Submit\"\/><\/div>\n\t\t\t\t\t<\/noscript>\n\t\t\t\t<\/form>\n\t\t\t<\/div>\n\t\t\t\t\t\t\t\t<\/div>\n\t\t\t\t<\/div>\n\t\t\t\t","sermons_blog_filters_dates":"\t\t\t\t<div class=\"sm-filtering\">\n\t\t\t\t\t<div id=\"wpfc_sermon_sorting\" class=\"no-spacing\">\n\t\t\t\t\t\t\t\t\t\t\t\t\t\t\t\t\t\t\t\t\t\t\t\t\t\t\t\t\n\t\t\t\t\t<div class=\"sortDates\" style=\"display: inline-block\">\n\t\t\t\t<form action=\"https:\/\/www.safe-haven.org\/pt\/wp-json\/wp\/v2\/pages\/7144\/\" method=\"get\">\n\t\t\t\t\t<select name=\"wpfc_dates\"\n\t\t\t\t\t\t\ttitle=\"Date\"\n\t\t\t\t\t\t\tid=\"wpfc_dates\"\n\t\t\t\t\t\t\tonchange=\"if(this.options[this.selectedIndex].value !== ''){return this.form.submit()}else{window.location = window.location.href.split('?')[0];}\"\n\t\t\t\t\t\t\tautocomplete=\"off\"\n\t\t\t\t\t\t>\n\t\t\t\t\t\t<option value=\"\">Date<\/option>\n\t\t\t\t\t\t<option value=\"02-2020\" >Feb 2020<\/option><option value=\"01-2020\" >Jan 2020<\/option>\t\t\t\t\t<\/select>\n\t\t\t\t\t\t\t\t\t\t\t\t\t\t\t\t\t\t\t\t\t\t\t\t\t<noscript>\n\t\t\t\t\t\t<div><input type=\"submit\" value=\"Submit\"\/><\/div>\n\t\t\t\t\t<\/noscript>\n\t\t\t\t<\/form>\n\t\t\t<\/div>\n\t\t\t<\/div>\n\t\t\t\t<\/div>\n\t\t\t\t","sermons_blog_image_url":"","sermons_blog_video":"","sermons_blog_series":false,"sermons_blog_meta_sermon_description":"","sermons_blog_show_readmore":false,"sermons_blog_audio":false,"sermons_blog_preacher_image":"","sermons_blog_preacher":false,"sermons_blog_bible_passage":null,"sermons_blog_service_type":false,"_links":{"self":[{"href":"https:\/\/www.safe-haven.org\/pt\/wp-json\/wp\/v2\/pages\/7144","targetHints":{"allow":["GET"]}}],"collection":[{"href":"https:\/\/www.safe-haven.org\/pt\/wp-json\/wp\/v2\/pages"}],"about":[{"href":"https:\/\/www.safe-haven.org\/pt\/wp-json\/wp\/v2\/types\/page"}],"author":[{"embeddable":true,"href":"https:\/\/www.safe-haven.org\/pt\/wp-json\/wp\/v2\/users\/1"}],"replies":[{"embeddable":true,"href":"https:\/\/www.safe-haven.org\/pt\/wp-json\/wp\/v2\/comments?post=7144"}],"version-history":[{"count":0,"href":"https:\/\/www.safe-haven.org\/pt\/wp-json\/wp\/v2\/pages\/7144\/revisions"}],"wp:attachment":[{"href":"https:\/\/www.safe-haven.org\/pt\/wp-json\/wp\/v2\/media?parent=7144"}],"curies":[{"name":"wp","href":"https:\/\/api.w.org\/{rel}","templated":true}]}}